{"id":3632,"date":"2026-03-16T10:15:38","date_gmt":"2026-03-16T10:15:38","guid":{"rendered":"https:\/\/budomur.pl\/?page_id=3632"},"modified":"2026-04-09T12:46:36","modified_gmt":"2026-04-09T12:46:36","slug":"apartamenty-okrzei","status":"publish","type":"page","link":"https:\/\/budomur.pl\/?page_id=3632","title":{"rendered":"Apartamenty Okrzei"},"content":{"rendered":"\t\t<div data-elementor-type=\"wp-page\" data-elementor-id=\"3632\" class=\"elementor elementor-3632\">\n\t\t\t\t\t\t<section class=\"elementor-section elementor-top-section elementor-element elementor-element-eec2f81 elementor-section-items-top elementor-section-height-min-height elementor-section-stretched elementor-section-boxed elementor-section-height-default\" data-id=\"eec2f81\" data-element_type=\"section\" data-e-type=\"section\" data-settings=\"{&quot;background_background&quot;:&quot;classic&quot;,&quot;stretch_section&quot;:&quot;section-stretched&quot;}\">\n\t\t\t\t\t\t<div class=\"elementor-container elementor-column-gap-default\">\n\t\t\t\t\t<div class=\"elementor-column elementor-col-100 elementor-top-column elementor-element elementor-element-4ac0ffd\" data-id=\"4ac0ffd\" data-element_type=\"column\" data-e-type=\"column\">\n\t\t\t<div class=\"elementor-widget-wrap elementor-element-populated\">\n\t\t\t\t\t\t<div class=\"elementor-element elementor-element-4d19f56 elementor-widget elementor-widget-heading\" data-id=\"4d19f56\" data-element_type=\"widget\" data-e-type=\"widget\" data-widget_type=\"heading.default\">\n\t\t\t\t<div class=\"elementor-widget-container\">\n\t\t\t\t\t<h1 class=\"elementor-heading-title elementor-size-large\">APARTAMENTY OKRZEI<\/h1>\t\t\t\t<\/div>\n\t\t\t\t<\/div>\n\t\t\t\t<div class=\"elementor-element elementor-element-f1b3776 elementor-widget elementor-widget-heading\" data-id=\"f1b3776\" data-element_type=\"widget\" data-e-type=\"widget\" data-widget_type=\"heading.default\">\n\t\t\t\t<div class=\"elementor-widget-container\">\n\t\t\t\t\t<h2 class=\"elementor-heading-title elementor-size-large\"><b>WYSZK\u00d3W<\/b><\/h2>\t\t\t\t<\/div>\n\t\t\t\t<\/div>\n\t\t\t\t<div class=\"elementor-element elementor-element-1db52ef elementor-widget-divider--view-line elementor-widget elementor-widget-divider\" data-id=\"1db52ef\" data-element_type=\"widget\" data-e-type=\"widget\" data-widget_type=\"divider.default\">\n\t\t\t\t<div class=\"elementor-widget-container\">\n\t\t\t\t\t\t\t<div class=\"elementor-divider\">\n\t\t\t<span class=\"elementor-divider-separator\">\n\t\t\t\t\t\t<\/span>\n\t\t<\/div>\n\t\t\t\t\t\t<\/div>\n\t\t\t\t<\/div>\n\t\t\t\t\t<\/div>\n\t\t<\/div>\n\t\t\t\t\t<\/div>\n\t\t<\/section>\n\t\t\t\t<section class=\"elementor-section elementor-top-section elementor-element elementor-element-a6cb765 elementor-section-full_width elementor-section-stretched elementor-section-height-default elementor-section-height-default\" data-id=\"a6cb765\" data-element_type=\"section\" data-e-type=\"section\" data-settings=\"{&quot;stretch_section&quot;:&quot;section-stretched&quot;}\">\n\t\t\t\t\t\t<div class=\"elementor-container elementor-column-gap-default\">\n\t\t\t\t\t<div class=\"elementor-column elementor-col-100 elementor-top-column elementor-element elementor-element-03fb8cc\" data-id=\"03fb8cc\" data-element_type=\"column\" data-e-type=\"column\">\n\t\t\t<div class=\"elementor-widget-wrap elementor-element-populated\">\n\t\t\t\t\t\t<section class=\"elementor-section elementor-inner-section elementor-element elementor-element-78ed58f elementor-section-boxed elementor-section-height-default elementor-section-height-default\" data-id=\"78ed58f\" data-element_type=\"section\" data-e-type=\"section\">\n\t\t\t\t\t\t<div class=\"elementor-container elementor-column-gap-default\">\n\t\t\t\t\t<div class=\"elementor-column elementor-col-50 elementor-inner-column elementor-element elementor-element-034b292\" data-id=\"034b292\" data-element_type=\"column\" data-e-type=\"column\">\n\t\t\t<div class=\"elementor-widget-wrap\">\n\t\t\t\t\t\t\t<\/div>\n\t\t<\/div>\n\t\t\t\t<div class=\"elementor-column elementor-col-50 elementor-inner-column elementor-element elementor-element-ad4d9b6\" data-id=\"ad4d9b6\" data-element_type=\"column\" data-e-type=\"column\">\n\t\t\t<div class=\"elementor-widget-wrap\">\n\t\t\t\t\t\t\t<\/div>\n\t\t<\/div>\n\t\t\t\t\t<\/div>\n\t\t<\/section>\n\t\t\t\t<div class=\"elementor-element elementor-element-9bcd6b4 elementor-widget elementor-widget-text-editor\" data-id=\"9bcd6b4\" data-element_type=\"widget\" data-e-type=\"widget\" data-widget_type=\"text-editor.default\">\n\t\t\t\t<div class=\"elementor-widget-container\">\n\t\t\t\t\t\t\t\t\t<h1 data-section-id=\"18izp6n\" data-start=\"221\" data-end=\"277\">Apartamenty Okrzei \u2013 Nowoczesne mieszkania w Wyszkowie<\/h1><p data-start=\"279\" data-end=\"536\"><strong data-start=\"279\" data-end=\"301\">Apartamenty Okrzei<\/strong> to nowoczesna inwestycja mieszkaniowa realizowana w Wyszkowie, zaprojektowana z my\u015bl\u0105 o komforcie codziennego \u017cycia. Kameralne osiedle powstaje w dw\u00f3ch etapach i obejmuje <strong data-start=\"473\" data-end=\"533\">180 funkcjonalnych mieszka\u0144 o powierzchni od 33 do 74 m\u00b2<\/strong>.<\/p><p data-start=\"538\" data-end=\"682\">To idealne miejsce dla os\u00f3b poszukuj\u0105cych po\u0142\u0105czenia <strong data-start=\"591\" data-end=\"681\">spokojnej okolicy, nowoczesnej architektury oraz wygodnej komunikacji z centrum miasta<\/strong>.<\/p><hr data-start=\"684\" data-end=\"687\" \/><h1 data-section-id=\"48mfoi\" data-start=\"689\" data-end=\"703\">O inwestycji<\/h1><p data-start=\"705\" data-end=\"985\">Nowe osiedle wyr\u00f3\u017cnia si\u0119 <strong data-start=\"731\" data-end=\"760\">kameraln\u0105, nisk\u0105 zabudow\u0105<\/strong>, kt\u00f3ra zapewnia mieszka\u0144com wi\u0119ksz\u0105 prywatno\u015b\u0107 i komfort. Budynki zaprojektowano z trzema kondygnacjami mieszkalnymi oraz <strong data-start=\"883\" data-end=\"908\">parkingiem podziemnym<\/strong>, dzi\u0119ki czemu przestrze\u0144 wok\u00f3\u0142 budynk\u00f3w pozostaje przyjazna i uporz\u0105dkowana.<\/p><p data-start=\"987\" data-end=\"1039\">Dla wygody mieszka\u0144c\u00f3w budynki zostan\u0105 wyposa\u017cone w:<\/p><ul data-start=\"1041\" data-end=\"1201\"><li data-section-id=\"kgoi2g\" data-start=\"1041\" data-end=\"1063\"><p data-start=\"1043\" data-end=\"1063\">nowoczesne <strong data-start=\"1054\" data-end=\"1063\">windy<\/strong><\/p><\/li><li data-section-id=\"1wplhnu\" data-start=\"1064\" data-end=\"1095\"><p data-start=\"1066\" data-end=\"1095\"><strong data-start=\"1066\" data-end=\"1095\">pomieszczenia gospodarcze<\/strong><\/p><\/li><li data-section-id=\"n6vezw\" data-start=\"1096\" data-end=\"1127\"><p data-start=\"1098\" data-end=\"1127\">miejsca na <strong data-start=\"1109\" data-end=\"1127\">w\u00f3zki i rowery<\/strong><\/p><\/li><li data-section-id=\"1pj7m1i\" data-start=\"1128\" data-end=\"1153\"><p data-start=\"1130\" data-end=\"1153\"><strong data-start=\"1130\" data-end=\"1153\">kom\u00f3rki lokatorskie<\/strong><\/p><\/li><li data-section-id=\"r8lsky\" data-start=\"1154\" data-end=\"1201\"><p data-start=\"1156\" data-end=\"1201\">przestronne <strong data-start=\"1168\" data-end=\"1201\">loggie przy ka\u017cdym mieszkaniu<\/strong><\/p><p data-start=\"1203\" data-end=\"1330\">Starannie zaplanowana architektura osiedla sprawia, \u017ce jest to miejsce idealne zar\u00f3wno dla singli, par, jak i rodzin z dzie\u0107mi.<\/p><p data-start=\"1378\" data-end=\"1497\">Projekt inwestycji zak\u0142ada stworzenie <strong data-start=\"1416\" data-end=\"1465\">bezpiecznej i przyjaznej przestrzeni do \u017cycia<\/strong>. Na terenie osiedla znajd\u0105 si\u0119:<\/p><ul data-start=\"1499\" data-end=\"1669\"><li data-section-id=\"17hpo7z\" data-start=\"1499\" data-end=\"1531\"><p data-start=\"1501\" data-end=\"1531\"><strong data-start=\"1501\" data-end=\"1531\">dwa place zabaw dla dzieci<\/strong><\/p><\/li><li data-section-id=\"ujpxc\" data-start=\"1532\" data-end=\"1593\"><p data-start=\"1534\" data-end=\"1593\">estetycznie zaprojektowane <strong data-start=\"1561\" data-end=\"1593\">chodniki i \u015bcie\u017cki spacerowe<\/strong><\/p><\/li><li data-section-id=\"2g454g\" data-start=\"1594\" data-end=\"1621\"><p data-start=\"1596\" data-end=\"1621\">liczne <strong data-start=\"1603\" data-end=\"1621\">tereny zielone<\/strong><\/p><\/li><li data-section-id=\"6rhw07\" data-start=\"1622\" data-end=\"1669\"><p data-start=\"1624\" data-end=\"1669\">wygodna komunikacja piesza pomi\u0119dzy budynkami<\/p><\/li><\/ul><p data-start=\"1671\" data-end=\"1785\">Dzi\u0119ki przemy\u015blanemu uk\u0142adowi osiedla mieszka\u0144cy b\u0119d\u0105 mogli swobodnie korzysta\u0107 z ca\u0142ej infrastruktury inwestycji.<\/p><hr data-start=\"1787\" data-end=\"1790\" \/><p><span style=\"color: #222222; font-family: Rajdhani, sans-serif; font-size: 30px; font-weight: 600;\"><span style=\"color: #222222; font-family: Rajdhani, sans-serif; font-size: 30px; font-weight: 600;\">Komfortowa przestrze\u0144 dla mieszka\u0144c\u00f3w<\/span><\/span><\/p><p data-start=\"1378\" data-end=\"1497\">Projekt inwestycji zak\u0142ada stworzenie <strong data-start=\"1416\" data-end=\"1465\">bezpiecznej i przyjaznej przestrzeni do \u017cycia<\/strong>. Na terenie osiedla znajd\u0105 si\u0119:<\/p><ul data-start=\"1499\" data-end=\"1669\"><li data-section-id=\"17hpo7z\" data-start=\"1499\" data-end=\"1531\"><p data-start=\"1501\" data-end=\"1531\"><strong data-start=\"1501\" data-end=\"1531\">dwa place zabaw dla dzieci<\/strong><\/p><\/li><li data-section-id=\"ujpxc\" data-start=\"1532\" data-end=\"1593\"><p data-start=\"1534\" data-end=\"1593\">estetycznie zaprojektowane <strong data-start=\"1561\" data-end=\"1593\">chodniki i \u015bcie\u017cki spacerowe<\/strong><\/p><\/li><li data-section-id=\"2g454g\" data-start=\"1594\" data-end=\"1621\"><p data-start=\"1596\" data-end=\"1621\">liczne <strong data-start=\"1603\" data-end=\"1621\">tereny zielone<\/strong><\/p><\/li><li data-section-id=\"6rhw07\" data-start=\"1622\" data-end=\"1669\"><p data-start=\"1624\" data-end=\"1669\">wygodna komunikacja piesza pomi\u0119dzy budynkami<\/p><\/li><\/ul><p data-start=\"1671\" data-end=\"1785\">Dzi\u0119ki przemy\u015blanemu uk\u0142adowi osiedla mieszka\u0144cy b\u0119d\u0105 mogli swobodnie korzysta\u0107 z ca\u0142ej infrastruktury inwestycji.<\/p><hr data-start=\"1787\" data-end=\"1790\" \/><h1 data-section-id=\"166gbi1\" data-start=\"1792\" data-end=\"1805\">Lokalizacja<\/h1><p data-start=\"1807\" data-end=\"1934\">Apartamenty Okrzei powstaj\u0105 w <strong data-start=\"1837\" data-end=\"1868\">atrakcyjnej cz\u0119\u015bci Wyszkowa<\/strong>, kt\u00f3ra zapewnia dogodny dost\u0119p do najwa\u017cniejszych punkt\u00f3w miasta.<\/p><p data-start=\"1936\" data-end=\"1991\">Wjazd na teren inwestycji b\u0119dzie mo\u017cliwy z dw\u00f3ch stron:<\/p><ul data-start=\"1993\" data-end=\"2049\"><li data-section-id=\"177xvbk\" data-start=\"1993\" data-end=\"2020\"><p data-start=\"1995\" data-end=\"2020\"><strong data-start=\"1995\" data-end=\"2020\">od ulicy 11 Listopada<\/strong><\/p><\/li><li data-section-id=\"1cg18g4\" data-start=\"2021\" data-end=\"2049\"><p data-start=\"2023\" data-end=\"2049\"><strong data-start=\"2023\" data-end=\"2049\">od strony ulicy Okrzei<\/strong><\/p><\/li><\/ul><p data-start=\"2051\" data-end=\"2137\">Takie rozwi\u0105zanie gwarantuje wygodn\u0105 komunikacj\u0119 zar\u00f3wno dla mieszka\u0144c\u00f3w, jak i go\u015bci.<\/p><hr data-start=\"2139\" data-end=\"2142\" \/><h1 data-section-id=\"1gx7jgg\" data-start=\"2144\" data-end=\"2186\">Dlaczego warto wybra\u0107 Apartamenty Okrzei<\/h1><p data-start=\"2188\" data-end=\"2413\">\u2714 nowoczesna, niska zabudowa<br data-start=\"2216\" data-end=\"2219\" \/>\u2714 mieszkania od <strong data-start=\"2235\" data-end=\"2250\">33 do 74 m\u00b2<\/strong><br data-start=\"2250\" data-end=\"2253\" \/>\u2714 <strong data-start=\"2255\" data-end=\"2288\">loggia przy ka\u017cdym mieszkaniu<\/strong><br data-start=\"2288\" data-end=\"2291\" \/>\u2714 <strong data-start=\"2293\" data-end=\"2314\">parking podziemny<\/strong><br data-start=\"2314\" data-end=\"2317\" \/>\u2714 windy w budynkach<br data-start=\"2336\" data-end=\"2339\" \/>\u2714 place zabaw dla dzieci<br data-start=\"2363\" data-end=\"2366\" \/>\u2714 spokojna i dobrze skomunikowana lokalizacja<\/p><h1 data-section-id=\"z3wxlf\" data-start=\"2420\" data-end=\"2449\">Zainteresowany mieszkaniem?<\/h1><p data-start=\"2451\" data-end=\"2604\">Skontaktuj si\u0119 z nami, aby pozna\u0107 <strong data-start=\"2485\" data-end=\"2535\">aktualn\u0105 ofert\u0119 mieszka\u0144 oraz dost\u0119pne metra\u017ce<\/strong>.<br data-start=\"2536\" data-end=\"2539\" \/>Ch\u0119tnie pomo\u017cemy w wyborze lokalu dopasowanego do Twoich potrzeb.<\/p><\/li><\/ul>\t\t\t\t\t\t\t\t<\/div>\n\t\t\t\t<\/div>\n\t\t\t\t<section class=\"elementor-section elementor-inner-section elementor-element elementor-element-37611ff elementor-section-boxed elementor-section-height-default elementor-section-height-default\" data-id=\"37611ff\" data-element_type=\"section\" data-e-type=\"section\">\n\t\t\t\t\t\t<div class=\"elementor-container elementor-column-gap-default\">\n\t\t\t\t\t<div class=\"elementor-column elementor-col-50 elementor-inner-column elementor-element elementor-element-4c7ee2b\" data-id=\"4c7ee2b\" data-element_type=\"column\" data-e-type=\"column\">\n\t\t\t<div class=\"elementor-widget-wrap elementor-element-populated\">\n\t\t\t\t\t\t<div class=\"elementor-element elementor-element-5eca732 elementor-widget elementor-widget-image\" data-id=\"5eca732\" data-element_type=\"widget\" data-e-type=\"widget\" data-widget_type=\"image.default\">\n\t\t\t\t<div class=\"elementor-widget-container\">\n\t\t\t\t\t\t\t\t\t\t\t\t\t\t\t<img fetchpriority=\"high\" decoding=\"async\" width=\"1024\" height=\"576\" src=\"https:\/\/budomur.pl\/wp-content\/uploads\/2026\/03\/WIDOK3-1-002-1024x576.jpg\" class=\"attachment-large size-large wp-image-3842\" alt=\"\" srcset=\"https:\/\/budomur.pl\/wp-content\/uploads\/2026\/03\/WIDOK3-1-002-1024x576.jpg 1024w, https:\/\/budomur.pl\/wp-content\/uploads\/2026\/03\/WIDOK3-1-002-300x169.jpg 300w, https:\/\/budomur.pl\/wp-content\/uploads\/2026\/03\/WIDOK3-1-002-768x432.jpg 768w, https:\/\/budomur.pl\/wp-content\/uploads\/2026\/03\/WIDOK3-1-002-1536x864.jpg 1536w, https:\/\/budomur.pl\/wp-content\/uploads\/2026\/03\/WIDOK3-1-002-2048x1152.jpg 2048w\" sizes=\"(max-width: 1024px) 100vw, 1024px\" \/>\t\t\t\t\t\t\t\t\t\t\t\t\t\t\t<\/div>\n\t\t\t\t<\/div>\n\t\t\t\t\t<\/div>\n\t\t<\/div>\n\t\t\t\t<div class=\"elementor-column elementor-col-50 elementor-inner-column elementor-element elementor-element-9535996\" data-id=\"9535996\" data-element_type=\"column\" data-e-type=\"column\">\n\t\t\t<div class=\"elementor-widget-wrap elementor-element-populated\">\n\t\t\t\t\t\t<div class=\"elementor-element elementor-element-b105445 elementor-widget elementor-widget-image\" data-id=\"b105445\" data-element_type=\"widget\" data-e-type=\"widget\" data-widget_type=\"image.default\">\n\t\t\t\t<div class=\"elementor-widget-container\">\n\t\t\t\t\t\t\t\t\t\t\t\t\t\t\t<img decoding=\"async\" width=\"1024\" height=\"576\" src=\"https:\/\/budomur.pl\/wp-content\/uploads\/2026\/03\/WIDOK-5-002-1024x576.jpg\" class=\"attachment-large size-large wp-image-3843\" alt=\"\" srcset=\"https:\/\/budomur.pl\/wp-content\/uploads\/2026\/03\/WIDOK-5-002-1024x576.jpg 1024w, https:\/\/budomur.pl\/wp-content\/uploads\/2026\/03\/WIDOK-5-002-300x169.jpg 300w, https:\/\/budomur.pl\/wp-content\/uploads\/2026\/03\/WIDOK-5-002-768x432.jpg 768w, https:\/\/budomur.pl\/wp-content\/uploads\/2026\/03\/WIDOK-5-002.jpg 1280w\" sizes=\"(max-width: 1024px) 100vw, 1024px\" \/>\t\t\t\t\t\t\t\t\t\t\t\t\t\t\t<\/div>\n\t\t\t\t<\/div>\n\t\t\t\t\t<\/div>\n\t\t<\/div>\n\t\t\t\t\t<\/div>\n\t\t<\/section>\n\t\t\t\t\t<\/div>\n\t\t<\/div>\n\t\t\t\t\t<\/div>\n\t\t<\/section>\n\t\t\t\t<section class=\"elementor-section elementor-top-section elementor-element elementor-element-083f1fa elementor-section-stretched elementor-section-boxed elementor-section-height-default elementor-section-height-default\" data-id=\"083f1fa\" data-element_type=\"section\" data-e-type=\"section\" data-settings=\"{&quot;stretch_section&quot;:&quot;section-stretched&quot;}\">\n\t\t\t\t\t\t<div class=\"elementor-container elementor-column-gap-default\">\n\t\t\t\t\t<div class=\"elementor-column elementor-col-100 elementor-top-column elementor-element elementor-element-54fb351\" data-id=\"54fb351\" data-element_type=\"column\" data-e-type=\"column\">\n\t\t\t<div class=\"elementor-widget-wrap elementor-element-populated\">\n\t\t\t\t\t\t<div class=\"elementor-element elementor-element-5f7457e elementor-widget elementor-widget-text-editor\" data-id=\"5f7457e\" data-element_type=\"widget\" data-e-type=\"widget\" data-widget_type=\"text-editor.default\">\n\t\t\t\t<div class=\"elementor-widget-container\">\n\t\t\t\t\t\t\t\t\t<h1><strong>\u00a0 \u00a0 \u00a0 \u00a0 \u00a0 \u00a0 \u00a0 \u00a0 \u00a0 \u00a0 \u00a0 \u00a0 \u00a0 \u00a0 \u00a0 \u00a0 \u00a0 \u00a0 \u00a0 \u00a0 \u00a0 \u00a0 \u00a0 \u00a0 \u00a0 \u00a0 \u00a0 \u00a0 \u00a0 \u00a0 \u00a0 \u00a0 \u00a0 TABELA MIESZKA\u0143\u00a0<\/strong><\/h1>\t\t\t\t\t\t\t\t<\/div>\n\t\t\t\t<\/div>\n\t\t\t\t<div class=\"elementor-element elementor-element-e7876dc elementor-widget elementor-widget-text-editor\" data-id=\"e7876dc\" data-element_type=\"widget\" data-e-type=\"widget\" data-widget_type=\"text-editor.default\">\n\t\t\t\t<div class=\"elementor-widget-container\">\n\t\t\t\t\t\t\t\t\t<iframe style=\"border: none; overflow: hidden;\" src=\"https:\/\/www.cenydeweloperow.webyourself.net\/hash\/investment\/1d707b46\/residential\/table\" width=\"100%\" height=\"480\"><span data-mce-type=\"bookmark\" style=\"display: inline-block; width: 0px; overflow: hidden; line-height: 0;\" class=\"mce_SELRES_start\">\ufeff<\/span>\n<\/iframe>\t\t\t\t\t\t\t\t<\/div>\n\t\t\t\t<\/div>\n\t\t\t\t<div class=\"elementor-element elementor-element-269a5d4 elementor-widget elementor-widget-text-editor\" data-id=\"269a5d4\" data-element_type=\"widget\" data-e-type=\"widget\" data-widget_type=\"text-editor.default\">\n\t\t\t\t<div class=\"elementor-widget-container\">\n\t\t\t\t\t\t\t\t\t<h1><strong>\u00a0 \u00a0 \u00a0 \u00a0 \u00a0 \u00a0 \u00a0 \u00a0 \u00a0 \u00a0 \u00a0 \u00a0 \u00a0 \u00a0 \u00a0 \u00a0 \u00a0 \u00a0 \u00a0 \u00a0 \u00a0 \u00a0 \u00a0 \u00a0 \u00a0 \u00a0 \u00a0 \u00a0 \u00a0 \u00a0 \u00a0 \u00a0 \u00a0 TABELA LOKALI DODATKOWYCH\u00a0<\/strong><\/h1>\t\t\t\t\t\t\t\t<\/div>\n\t\t\t\t<\/div>\n\t\t\t\t<div class=\"elementor-element elementor-element-553233e elementor-widget elementor-widget-text-editor\" data-id=\"553233e\" data-element_type=\"widget\" data-e-type=\"widget\" data-widget_type=\"text-editor.default\">\n\t\t\t\t<div class=\"elementor-widget-container\">\n\t\t\t\t\t\t\t\t\t<iframe style=\"border: none; overflow: hidden;\" src=\"https:\/\/www.cenydeweloperow.webyourself.net\/hash\/investment\/1d707b46\/non-residential\/table\" width=\"100%\" height=\"480\"><span data-mce-type=\"bookmark\" style=\"display: inline-block; width: 0px; overflow: hidden; line-height: 0;\" class=\"mce_SELRES_start\">\ufeff<\/span><span data-mce-type=\"bookmark\" style=\"display: inline-block; width: 0px; overflow: hidden; line-height: 0;\" class=\"mce_SELRES_start\">\ufeff<\/span>\n<\/iframe>\t\t\t\t\t\t\t\t<\/div>\n\t\t\t\t<\/div>\n\t\t\t\t\t<\/div>\n\t\t<\/div>\n\t\t\t\t\t<\/div>\n\t\t<\/section>\n\t\t\t\t<section class=\"elementor-section elementor-top-section elementor-element elementor-element-8b8f884 elementor-section-content-middle elementor-section-full_width elementor-section-stretched elementor-section-height-default elementor-section-height-default\" data-id=\"8b8f884\" data-element_type=\"section\" data-e-type=\"section\" data-settings=\"{&quot;background_background&quot;:&quot;classic&quot;,&quot;stretch_section&quot;:&quot;section-stretched&quot;}\">\n\t\t\t\t\t\t<div class=\"elementor-container elementor-column-gap-no\">\n\t\t\t\t\t<div class=\"elementor-column elementor-col-50 elementor-top-column elementor-element elementor-element-fe81761\" data-id=\"fe81761\" data-element_type=\"column\" data-e-type=\"column\" data-settings=\"{&quot;background_background&quot;:&quot;classic&quot;}\">\n\t\t\t<div class=\"elementor-widget-wrap elementor-element-populated\">\n\t\t\t\t\t\t<div class=\"elementor-element elementor-element-51c7783 elementor-widget elementor-widget-spacer\" data-id=\"51c7783\" data-element_type=\"widget\" data-e-type=\"widget\" data-widget_type=\"spacer.default\">\n\t\t\t\t<div class=\"elementor-widget-container\">\n\t\t\t\t\t\t\t<div class=\"elementor-spacer\">\n\t\t\t<div class=\"elementor-spacer-inner\"><\/div>\n\t\t<\/div>\n\t\t\t\t\t\t<\/div>\n\t\t\t\t<\/div>\n\t\t\t\t\t<\/div>\n\t\t<\/div>\n\t\t\t\t<div class=\"elementor-column elementor-col-50 elementor-top-column elementor-element elementor-element-08a0cca\" data-id=\"08a0cca\" data-element_type=\"column\" data-e-type=\"column\" data-settings=\"{&quot;background_background&quot;:&quot;gradient&quot;}\">\n\t\t\t<div class=\"elementor-widget-wrap elementor-element-populated\">\n\t\t\t\t\t\t<div class=\"elementor-element elementor-element-f6f3241 elementor-widget elementor-widget-heading\" data-id=\"f6f3241\" data-element_type=\"widget\" data-e-type=\"widget\" data-widget_type=\"heading.default\">\n\t\t\t\t<div class=\"elementor-widget-container\">\n\t\t\t\t\t<h4 class=\"elementor-heading-title elementor-size-large\">Biuro sprzeda\u017cy<\/h4>\t\t\t\t<\/div>\n\t\t\t\t<\/div>\n\t\t\t\t<div class=\"elementor-element elementor-element-1214f85 elementor-widget elementor-widget-text-editor\" data-id=\"1214f85\" data-element_type=\"widget\" data-e-type=\"widget\" data-widget_type=\"text-editor.default\">\n\t\t\t\t<div class=\"elementor-widget-container\">\n\t\t\t\t\t\t\t\t\t<p style=\"text-align: center;\"><strong>Wyszk\u00f3w<\/strong><\/p>\t\t\t\t\t\t\t\t<\/div>\n\t\t\t\t<\/div>\n\t\t\t\t<div class=\"elementor-element elementor-element-549967f elementor-icon-list--layout-traditional elementor-list-item-link-full_width elementor-widget elementor-widget-icon-list\" data-id=\"549967f\" data-element_type=\"widget\" data-e-type=\"widget\" data-widget_type=\"icon-list.default\">\n\t\t\t\t<div class=\"elementor-widget-container\">\n\t\t\t\t\t\t\t<ul class=\"elementor-icon-list-items\">\n\t\t\t\t\t\t\t<li class=\"elementor-icon-list-item\">\n\t\t\t\t\t\t\t\t\t\t\t<span class=\"elementor-icon-list-icon\">\n\t\t\t\t\t\t\t<i aria-hidden=\"true\" class=\"fas fa-phone-square\"><\/i>\t\t\t\t\t\t<\/span>\n\t\t\t\t\t\t\t\t\t\t<span class=\"elementor-icon-list-text\">692-245-100<\/span>\n\t\t\t\t\t\t\t\t\t<\/li>\n\t\t\t\t\t\t\t\t<li class=\"elementor-icon-list-item\">\n\t\t\t\t\t\t\t\t\t\t\t<span class=\"elementor-icon-list-icon\">\n\t\t\t\t\t\t\t<i aria-hidden=\"true\" class=\"fas fa-envelope-square\"><\/i>\t\t\t\t\t\t<\/span>\n\t\t\t\t\t\t\t\t\t\t<span class=\"elementor-icon-list-text\">katarzyna.kaczmarczyk@budomur.pl<\/span>\n\t\t\t\t\t\t\t\t\t<\/li>\n\t\t\t\t\t\t\t\t<li class=\"elementor-icon-list-item\">\n\t\t\t\t\t\t\t\t\t\t\t<span class=\"elementor-icon-list-icon\">\n\t\t\t\t\t\t\t<i aria-hidden=\"true\" class=\"fas fa-home\"><\/i>\t\t\t\t\t\t<\/span>\n\t\t\t\t\t\t\t\t\t\t<span class=\"elementor-icon-list-text\">Wyszk\u00f3w ul. \u015awi\u0119toja\u0144ska 83 II p<\/span>\n\t\t\t\t\t\t\t\t\t<\/li>\n\t\t\t\t\t\t<\/ul>\n\t\t\t\t\t\t<\/div>\n\t\t\t\t<\/div>\n\t\t\t\t\t<\/div>\n\t\t<\/div>\n\t\t\t\t\t<\/div>\n\t\t<\/section>\n\t\t\t\t<\/div>\n\t\t","protected":false},"excerpt":{"rendered":"<p>APARTAMENTY OKRZEI WYSZK\u00d3W Apartamenty Okrzei \u2013 Nowoczesne mieszkania w Wyszkowie Apartamenty Okrzei to nowoczesna inwestycja mieszkaniowa realizowana w Wyszkowie, zaprojektowana z my\u015bl\u0105 o komforcie codziennego&hellip; <\/p>\n","protected":false},"author":1,"featured_media":0,"parent":0,"menu_order":0,"comment_status":"closed","ping_status":"closed","template":"","meta":{"footnotes":""},"class_list":["post-3632","page","type-page","status-publish","hentry"],"_links":{"self":[{"href":"https:\/\/budomur.pl\/index.php?rest_route=\/wp\/v2\/pages\/3632","targetHints":{"allow":["GET"]}}],"collection":[{"href":"https:\/\/budomur.pl\/index.php?rest_route=\/wp\/v2\/pages"}],"about":[{"href":"https:\/\/budomur.pl\/index.php?rest_route=\/wp\/v2\/types\/page"}],"author":[{"embeddable":true,"href":"https:\/\/budomur.pl\/index.php?rest_route=\/wp\/v2\/users\/1"}],"replies":[{"embeddable":true,"href":"https:\/\/budomur.pl\/index.php?rest_route=%2Fwp%2Fv2%2Fcomments&post=3632"}],"version-history":[{"count":31,"href":"https:\/\/budomur.pl\/index.php?rest_route=\/wp\/v2\/pages\/3632\/revisions"}],"predecessor-version":[{"id":3855,"href":"https:\/\/budomur.pl\/index.php?rest_route=\/wp\/v2\/pages\/3632\/revisions\/3855"}],"wp:attachment":[{"href":"https:\/\/budomur.pl\/index.php?rest_route=%2Fwp%2Fv2%2Fmedia&parent=3632"}],"curies":[{"name":"wp","href":"https:\/\/api.w.org\/{rel}","templated":true}]}}