{"id":1382,"date":"2016-03-09T14:13:15","date_gmt":"2016-03-09T14:13:15","guid":{"rendered":"http:\/\/budomur.pl\/?page_id=1382"},"modified":"2018-04-27T08:45:38","modified_gmt":"2018-04-27T08:45:38","slug":"apartamenty-pilsudskiego-w-wyszkowie","status":"publish","type":"page","link":"https:\/\/budomur.pl\/?page_id=1382","title":{"rendered":"Apartamenty Pi\u0142sudskiego w Wyszkowie"},"content":{"rendered":"<h3><a href=\"https:\/\/budomur.pl\/wp-content\/uploads\/2016\/10\/wyszkow.jpg\"><img fetchpriority=\"high\" decoding=\"async\" class=\"aligncenter size-full wp-image-1757\" src=\"https:\/\/budomur.pl\/wp-content\/uploads\/2016\/10\/wyszkow.jpg\" alt=\"wyszkow\" width=\"900\" height=\"400\" srcset=\"https:\/\/budomur.pl\/wp-content\/uploads\/2016\/10\/wyszkow.jpg 900w, https:\/\/budomur.pl\/wp-content\/uploads\/2016\/10\/wyszkow-300x133.jpg 300w, https:\/\/budomur.pl\/wp-content\/uploads\/2016\/10\/wyszkow-768x341.jpg 768w, https:\/\/budomur.pl\/wp-content\/uploads\/2016\/10\/wyszkow-750x333.jpg 750w\" sizes=\"(max-width: 900px) 100vw, 900px\" \/><\/a><\/h3>\n<h3><strong><span style=\"color: #000000;\">APARTAMENTY PI\u0141SUDSKIEGO W WYSZKOWIE<\/span><\/strong><\/h3>\n<p><span style=\"color: #000000;\">Wst\u0119pna koncepcja Apartament\u00f3w Pi\u0142sudskiego, to starannie zaprojektowany 4-kondygnacyjny, 2-klatkowy budynek mieszkalny, nawi\u0105zuj\u0105cy form\u0105 do klasyki architektury.<\/span><\/p>\n<p><span style=\"color: #000000;\">Precyzyjnie dobrane materia\u0142y zagwarantuj\u0105 przyjemno\u015b\u0107 u\u017cytkowania budynku przez wiele lat. Pomys\u0142 architektoniczny opiera si\u0119 na u\u017cyciu materia\u0142\u00f3w wysokiej jako\u015bci i wkomponowaniu ich w nowoczesn\u0105 bry\u0142\u0119 budynku.<\/span><\/p>\n<p><span style=\"color: #000000;\">Koncepcja zak\u0142ada eleganckie i efektowne wyko\u0144czenie cz\u0119\u015bci wsp\u00f3lnych, uwie\u0144czone nowoczesnym o\u015bwietleniem.<\/span><\/p>\n<p><span style=\"color: #000000;\">Apartamenty Pi\u0142sudskiego stanowi\u0107 b\u0119dzie\u00a037 mieszka\u0144 o zr\u00f3\u017cnicowanych metra\u017cach od oko\u0142o 33 do\u00a075 mkw., z mo\u017cliwo\u015bci\u0105 indywidualnej aran\u017cacji na etapie budowy. Do ka\u017cdego mieszkania przynale\u017ce\u0107 b\u0119dzie balkon. <\/span><\/p>\n<p><span style=\"color: #000000;\">Zaprojektowano r\u00f3wnie\u017c miejsca postojowe w gara\u017cu na poziomie parteru oraz wok\u00f3\u0142 budynku. Projekt zak\u0142ada r\u00f3wnie\u017c dwie windy zapewniaj\u0105ce swobodny dost\u0119p do ka\u017cdej cz\u0119\u015bci budynku.<\/span><\/p>\n<p><span style=\"color: #000000;\">Teren zostanie zagospodarowany zieleni\u0105 co dodatkowo zapewni poczucie komfortu przysz\u0142ym mieszka\u0144com.<\/span><\/p>\n<p><span style=\"color: #000000;\">Atrakcyjna lokalizacja inwestycji zaspokoi potrzeby najbardziej wymagaj\u0105cych klient\u00f3w. Blisko\u015b\u0107 centrum umo\u017cliwi \u0142atwy dost\u0119p do niezb\u0119dnych w \u017cyciu codziennym palc\u00f3wek i instytucji oraz sprawny i szybki wyjazd z miasta.<\/span><\/p>\n<p><strong><span style=\"color: #000000;\">WIZUALIZACJA BUDYNKU &#8211; KONCEPCJA<\/span><\/strong><\/p>\n<div id='gallery-1' class='gallery galleryid-1382 gallery-columns-4 gallery-size-thumbnail'><figure class='gallery-item'>\n\t\t\t<div class='gallery-icon landscape'>\n\t\t\t\t<a href='https:\/\/budomur.pl\/?attachment_id=1835'><img decoding=\"async\" width=\"150\" height=\"150\" src=\"https:\/\/budomur.pl\/wp-content\/uploads\/2016\/11\/w4-150x150.png\" class=\"attachment-thumbnail size-thumbnail\" alt=\"\" \/><\/a>\n\t\t\t<\/div><\/figure><figure class='gallery-item'>\n\t\t\t<div class='gallery-icon landscape'>\n\t\t\t\t<a href='https:\/\/budomur.pl\/?attachment_id=1834'><img decoding=\"async\" width=\"150\" height=\"150\" src=\"https:\/\/budomur.pl\/wp-content\/uploads\/2016\/11\/w3-2-150x150.png\" class=\"attachment-thumbnail size-thumbnail\" alt=\"\" \/><\/a>\n\t\t\t<\/div><\/figure><figure class='gallery-item'>\n\t\t\t<div class='gallery-icon landscape'>\n\t\t\t\t<a href='https:\/\/budomur.pl\/?attachment_id=1833'><img loading=\"lazy\" decoding=\"async\" width=\"150\" height=\"150\" src=\"https:\/\/budomur.pl\/wp-content\/uploads\/2016\/11\/w1-d-150x150.png\" class=\"attachment-thumbnail size-thumbnail\" alt=\"\" \/><\/a>\n\t\t\t<\/div><\/figure><figure class='gallery-item'>\n\t\t\t<div class='gallery-icon landscape'>\n\t\t\t\t<a href='https:\/\/budomur.pl\/?attachment_id=1832'><img loading=\"lazy\" decoding=\"async\" width=\"150\" height=\"150\" src=\"https:\/\/budomur.pl\/wp-content\/uploads\/2016\/11\/w_2-150x150.png\" class=\"attachment-thumbnail size-thumbnail\" alt=\"\" \/><\/a>\n\t\t\t<\/div><\/figure>\n\t\t<\/div>\n\n<p><strong><span style=\"color: #000000;\">RZUT KONDYGNACJI &#8211; KONCEPCJA<\/span><\/strong><\/p>\n<div id='gallery-2' class='gallery galleryid-1382 gallery-columns-4 gallery-size-thumbnail'><figure class='gallery-item'>\n\t\t\t<div class='gallery-icon landscape'>\n\t\t\t\t<a href='https:\/\/budomur.pl\/?attachment_id=1731'><img loading=\"lazy\" decoding=\"async\" width=\"150\" height=\"150\" src=\"https:\/\/budomur.pl\/wp-content\/uploads\/2016\/03\/Parter-150x150.jpg\" class=\"attachment-thumbnail size-thumbnail\" alt=\"\" \/><\/a>\n\t\t\t<\/div><\/figure><figure class='gallery-item'>\n\t\t\t<div class='gallery-icon landscape'>\n\t\t\t\t<a href='https:\/\/budomur.pl\/?attachment_id=1732'><img loading=\"lazy\" decoding=\"async\" width=\"150\" height=\"150\" src=\"https:\/\/budomur.pl\/wp-content\/uploads\/2016\/03\/I_pietro-150x150.jpg\" class=\"attachment-thumbnail size-thumbnail\" alt=\"\" \/><\/a>\n\t\t\t<\/div><\/figure><figure class='gallery-item'>\n\t\t\t<div class='gallery-icon landscape'>\n\t\t\t\t<a href='https:\/\/budomur.pl\/?attachment_id=1733'><img loading=\"lazy\" decoding=\"async\" width=\"150\" height=\"150\" src=\"https:\/\/budomur.pl\/wp-content\/uploads\/2016\/03\/II_pietro-150x150.jpg\" class=\"attachment-thumbnail size-thumbnail\" alt=\"\" \/><\/a>\n\t\t\t<\/div><\/figure><figure class='gallery-item'>\n\t\t\t<div class='gallery-icon landscape'>\n\t\t\t\t<a href='https:\/\/budomur.pl\/?attachment_id=1734'><img loading=\"lazy\" decoding=\"async\" width=\"150\" height=\"150\" src=\"https:\/\/budomur.pl\/wp-content\/uploads\/2016\/03\/III_pietro-150x150.jpg\" class=\"attachment-thumbnail size-thumbnail\" alt=\"\" \/><\/a>\n\t\t\t<\/div><\/figure>\n\t\t<\/div>\n\n<p style=\"text-align: center;\"><span style=\"color: #000000;\"><strong>DZIENNIK BUDOWY<\/strong><\/span><\/p>\n<div id='gallery-3' class='gallery galleryid-1382 gallery-columns-4 gallery-size-thumbnail'><figure class='gallery-item'>\n\t\t\t<div class='gallery-icon landscape'>\n\t\t\t\t<a href='https:\/\/budomur.pl\/?attachment_id=2048'><img loading=\"lazy\" decoding=\"async\" width=\"150\" height=\"150\" src=\"https:\/\/budomur.pl\/wp-content\/uploads\/2017\/04\/20170331_154517-150x150.jpg\" class=\"attachment-thumbnail size-thumbnail\" alt=\"\" \/><\/a>\n\t\t\t<\/div><\/figure><figure class='gallery-item'>\n\t\t\t<div class='gallery-icon landscape'>\n\t\t\t\t<a href='https:\/\/budomur.pl\/?attachment_id=2049'><img loading=\"lazy\" decoding=\"async\" width=\"150\" height=\"150\" src=\"https:\/\/budomur.pl\/wp-content\/uploads\/2017\/04\/20170404_101506-150x150.jpg\" class=\"attachment-thumbnail size-thumbnail\" alt=\"\" \/><\/a>\n\t\t\t<\/div><\/figure><figure class='gallery-item'>\n\t\t\t<div class='gallery-icon landscape'>\n\t\t\t\t<a href='https:\/\/budomur.pl\/?attachment_id=2050'><img loading=\"lazy\" decoding=\"async\" width=\"150\" height=\"150\" src=\"https:\/\/budomur.pl\/wp-content\/uploads\/2017\/04\/20170404_101524-150x150.jpg\" class=\"attachment-thumbnail size-thumbnail\" alt=\"\" \/><\/a>\n\t\t\t<\/div><\/figure><figure class='gallery-item'>\n\t\t\t<div class='gallery-icon landscape'>\n\t\t\t\t<a href='https:\/\/budomur.pl\/?attachment_id=2101'><img loading=\"lazy\" decoding=\"async\" width=\"150\" height=\"150\" src=\"https:\/\/budomur.pl\/wp-content\/uploads\/2017\/05\/15.05.20172-150x150.jpg\" class=\"attachment-thumbnail size-thumbnail\" alt=\"\" \/><\/a>\n\t\t\t<\/div><\/figure><figure class='gallery-item'>\n\t\t\t<div class='gallery-icon landscape'>\n\t\t\t\t<a href='https:\/\/budomur.pl\/?attachment_id=2102'><img loading=\"lazy\" decoding=\"async\" width=\"150\" height=\"150\" src=\"https:\/\/budomur.pl\/wp-content\/uploads\/2017\/05\/15.05.2017-150x150.jpg\" class=\"attachment-thumbnail size-thumbnail\" alt=\"\" \/><\/a>\n\t\t\t<\/div><\/figure><figure class='gallery-item'>\n\t\t\t<div class='gallery-icon landscape'>\n\t\t\t\t<a href='https:\/\/budomur.pl\/?attachment_id=2104'><img loading=\"lazy\" decoding=\"async\" width=\"150\" height=\"150\" src=\"https:\/\/budomur.pl\/wp-content\/uploads\/2017\/05\/15.05.20173-150x150.jpg\" class=\"attachment-thumbnail size-thumbnail\" alt=\"\" \/><\/a>\n\t\t\t<\/div><\/figure><figure class='gallery-item'>\n\t\t\t<div class='gallery-icon landscape'>\n\t\t\t\t<a href='https:\/\/budomur.pl\/?attachment_id=2105'><img loading=\"lazy\" decoding=\"async\" width=\"150\" height=\"150\" src=\"https:\/\/budomur.pl\/wp-content\/uploads\/2017\/05\/15.05.20174-150x150.jpg\" class=\"attachment-thumbnail size-thumbnail\" alt=\"\" \/><\/a>\n\t\t\t<\/div><\/figure><figure class='gallery-item'>\n\t\t\t<div class='gallery-icon landscape'>\n\t\t\t\t<a href='https:\/\/budomur.pl\/?attachment_id=2106'><img loading=\"lazy\" decoding=\"async\" width=\"150\" height=\"150\" src=\"https:\/\/budomur.pl\/wp-content\/uploads\/2017\/05\/15.05.20175-150x150.jpg\" class=\"attachment-thumbnail size-thumbnail\" alt=\"\" \/><\/a>\n\t\t\t<\/div><\/figure><figure class='gallery-item'>\n\t\t\t<div class='gallery-icon landscape'>\n\t\t\t\t<a href='https:\/\/budomur.pl\/?attachment_id=2123'><img loading=\"lazy\" decoding=\"async\" width=\"150\" height=\"150\" src=\"https:\/\/budomur.pl\/wp-content\/uploads\/2017\/06\/21.06.2017-150x150.jpg\" class=\"attachment-thumbnail size-thumbnail\" alt=\"\" \/><\/a>\n\t\t\t<\/div><\/figure><figure class='gallery-item'>\n\t\t\t<div class='gallery-icon landscape'>\n\t\t\t\t<a href='https:\/\/budomur.pl\/?attachment_id=2200'><img loading=\"lazy\" decoding=\"async\" width=\"150\" height=\"150\" src=\"https:\/\/budomur.pl\/wp-content\/uploads\/2017\/09\/IMG_20170921_122933-2-150x150.jpg\" class=\"attachment-thumbnail size-thumbnail\" alt=\"\" \/><\/a>\n\t\t\t<\/div><\/figure><figure class='gallery-item'>\n\t\t\t<div class='gallery-icon landscape'>\n\t\t\t\t<a href='https:\/\/budomur.pl\/?attachment_id=2284'><img loading=\"lazy\" decoding=\"async\" width=\"150\" height=\"150\" src=\"https:\/\/budomur.pl\/wp-content\/uploads\/2017\/10\/48-150x150.jpg\" class=\"attachment-thumbnail size-thumbnail\" alt=\"\" \/><\/a>\n\t\t\t<\/div><\/figure><figure class='gallery-item'>\n\t\t\t<div class='gallery-icon landscape'>\n\t\t\t\t<a href='https:\/\/budomur.pl\/?attachment_id=2285'><img loading=\"lazy\" decoding=\"async\" width=\"150\" height=\"150\" src=\"https:\/\/budomur.pl\/wp-content\/uploads\/2017\/10\/49-150x150.jpg\" class=\"attachment-thumbnail size-thumbnail\" alt=\"\" \/><\/a>\n\t\t\t<\/div><\/figure><figure class='gallery-item'>\n\t\t\t<div class='gallery-icon landscape'>\n\t\t\t\t<a href='https:\/\/budomur.pl\/?attachment_id=2286'><img loading=\"lazy\" decoding=\"async\" width=\"150\" height=\"150\" src=\"https:\/\/budomur.pl\/wp-content\/uploads\/2017\/10\/50-150x150.jpg\" class=\"attachment-thumbnail size-thumbnail\" alt=\"\" \/><\/a>\n\t\t\t<\/div><\/figure><figure class='gallery-item'>\n\t\t\t<div class='gallery-icon landscape'>\n\t\t\t\t<a href='https:\/\/budomur.pl\/?attachment_id=2310'><img loading=\"lazy\" decoding=\"async\" width=\"150\" height=\"150\" src=\"https:\/\/budomur.pl\/wp-content\/uploads\/2017\/12\/zdj\u0119cie-1-150x150.jpg\" class=\"attachment-thumbnail size-thumbnail\" alt=\"\" \/><\/a>\n\t\t\t<\/div><\/figure><figure class='gallery-item'>\n\t\t\t<div class='gallery-icon landscape'>\n\t\t\t\t<a href='https:\/\/budomur.pl\/?attachment_id=2311'><img loading=\"lazy\" decoding=\"async\" width=\"150\" height=\"150\" src=\"https:\/\/budomur.pl\/wp-content\/uploads\/2017\/12\/zdj\u0119cie-3-150x150.jpg\" class=\"attachment-thumbnail size-thumbnail\" alt=\"\" \/><\/a>\n\t\t\t<\/div><\/figure><figure class='gallery-item'>\n\t\t\t<div class='gallery-icon landscape'>\n\t\t\t\t<a href='https:\/\/budomur.pl\/?attachment_id=2382'><img loading=\"lazy\" decoding=\"async\" width=\"150\" height=\"150\" src=\"https:\/\/budomur.pl\/wp-content\/uploads\/2018\/04\/IMG_20180427_080713-2-150x150.jpg\" class=\"attachment-thumbnail size-thumbnail\" alt=\"\" \/><\/a>\n\t\t\t<\/div><\/figure><figure class='gallery-item'>\n\t\t\t<div class='gallery-icon landscape'>\n\t\t\t\t<a href='https:\/\/budomur.pl\/?attachment_id=2383'><img loading=\"lazy\" decoding=\"async\" width=\"150\" height=\"150\" src=\"https:\/\/budomur.pl\/wp-content\/uploads\/2018\/04\/IMG_20180427_080756-2-150x150.jpg\" class=\"attachment-thumbnail size-thumbnail\" alt=\"\" \/><\/a>\n\t\t\t<\/div><\/figure><figure class='gallery-item'>\n\t\t\t<div class='gallery-icon landscape'>\n\t\t\t\t<a href='https:\/\/budomur.pl\/?attachment_id=2384'><img loading=\"lazy\" decoding=\"async\" width=\"150\" height=\"150\" src=\"https:\/\/budomur.pl\/wp-content\/uploads\/2018\/04\/IMG_20180427_081132-2-150x150.jpg\" class=\"attachment-thumbnail size-thumbnail\" alt=\"\" \/><\/a>\n\t\t\t<\/div><\/figure><figure class='gallery-item'>\n\t\t\t<div class='gallery-icon landscape'>\n\t\t\t\t<a href='https:\/\/budomur.pl\/?attachment_id=2385'><img loading=\"lazy\" decoding=\"async\" width=\"150\" height=\"150\" src=\"https:\/\/budomur.pl\/wp-content\/uploads\/2018\/04\/IMG_20180427_081941-2-150x150.jpg\" class=\"attachment-thumbnail size-thumbnail\" alt=\"\" \/><\/a>\n\t\t\t<\/div><\/figure><figure class='gallery-item'>\n\t\t\t<div class='gallery-icon landscape'>\n\t\t\t\t<a href='https:\/\/budomur.pl\/?attachment_id=2386'><img loading=\"lazy\" decoding=\"async\" width=\"150\" height=\"150\" src=\"https:\/\/budomur.pl\/wp-content\/uploads\/2018\/04\/IMG_20180427_081948-2-150x150.jpg\" class=\"attachment-thumbnail size-thumbnail\" alt=\"\" \/><\/a>\n\t\t\t<\/div><\/figure>\n\t\t<\/div>\n\n<p><span style=\"color: #000000;\"><strong>Po szczeg\u00f3\u0142owe informacje zapraszamy do naszego biura sprzeda\u017cy w Wyszkowie<\/strong><\/span><\/p>\n<p><span style=\"color: #000000;\"><strong>ul. \u015awi\u0119toja\u0144ska 83<\/strong><\/span><\/p>\n<p><span style=\"color: #000000;\"><strong>tel. 692 245 100<\/strong><\/span><\/p>\n","protected":false},"excerpt":{"rendered":"<p>APARTAMENTY PI\u0141SUDSKIEGO W WYSZKOWIE Wst\u0119pna koncepcja Apartament\u00f3w Pi\u0142sudskiego, to starannie zaprojektowany 4-kondygnacyjny, 2-klatkowy budynek mieszkalny, nawi\u0105zuj\u0105cy form\u0105 do klasyki architektury. Precyzyjnie dobrane materia\u0142y zagwarantuj\u0105 przyjemno\u015b\u0107&hellip; <\/p>\n","protected":false},"author":1,"featured_media":0,"parent":0,"menu_order":0,"comment_status":"closed","ping_status":"closed","template":"","meta":{"footnotes":""},"class_list":["post-1382","page","type-page","status-publish","hentry"],"_links":{"self":[{"href":"https:\/\/budomur.pl\/index.php?rest_route=\/wp\/v2\/pages\/1382","targetHints":{"allow":["GET"]}}],"collection":[{"href":"https:\/\/budomur.pl\/index.php?rest_route=\/wp\/v2\/pages"}],"about":[{"href":"https:\/\/budomur.pl\/index.php?rest_route=\/wp\/v2\/types\/page"}],"author":[{"embeddable":true,"href":"https:\/\/budomur.pl\/index.php?rest_route=\/wp\/v2\/users\/1"}],"replies":[{"embeddable":true,"href":"https:\/\/budomur.pl\/index.php?rest_route=%2Fwp%2Fv2%2Fcomments&post=1382"}],"version-history":[{"count":25,"href":"https:\/\/budomur.pl\/index.php?rest_route=\/wp\/v2\/pages\/1382\/revisions"}],"predecessor-version":[{"id":2387,"href":"https:\/\/budomur.pl\/index.php?rest_route=\/wp\/v2\/pages\/1382\/revisions\/2387"}],"wp:attachment":[{"href":"https:\/\/budomur.pl\/index.php?rest_route=%2Fwp%2Fv2%2Fmedia&parent=1382"}],"curies":[{"name":"wp","href":"https:\/\/api.w.org\/{rel}","templated":true}]}}